{"id":19194,"date":"2024-01-04T13:19:11","date_gmt":"2024-01-04T18:19:11","guid":{"rendered":"https:\/\/conde.travel\/privacy-policy\/"},"modified":"2025-11-05T10:57:46","modified_gmt":"2025-11-05T15:57:46","slug":"politica-de-privacidad","status":"publish","type":"page","link":"https:\/\/conde.travel\/es\/politica-de-privacidad\/","title":{"rendered":"Pol\u00edtica de Privacidad"},"content":{"rendered":"\t\t<div data-elementor-type=\"wp-page\" data-elementor-id=\"19194\" class=\"elementor elementor-19194\" data-elementor-post-type=\"page\">\n\t\t\t\t<div class=\"elementor-element elementor-element-36efda8 e-flex e-con-boxed e-con e-parent\" data-id=\"36efda8\" data-element_type=\"container\" data-e-type=\"container\" data-settings=\"{&quot;background_background&quot;:&quot;classic&quot;}\">\n\t\t\t\t\t<div class=\"e-con-inner\">\n\t\t<div class=\"elementor-element elementor-element-84ecdec e-con-full e-flex e-con e-child\" data-id=\"84ecdec\" data-element_type=\"container\" data-e-type=\"container\">\n\t\t\t\t<div class=\"elementor-element elementor-element-2a73bd3 elementor-widget elementor-widget-heading\" data-id=\"2a73bd3\" data-element_type=\"widget\" data-e-type=\"widget\" data-widget_type=\"heading.default\">\n\t\t\t\t<div class=\"elementor-widget-container\">\n\t\t\t\t\t<h1 class=\"elementor-heading-title elementor-size-default\">Pol\u00edtica de privacidad de Conde Travel<\/h1>\t\t\t\t<\/div>\n\t\t\t\t<\/div>\n\t\t\t\t<\/div>\n\t\t\t\t\t<\/div>\n\t\t\t\t<\/div>\n\t\t<div class=\"elementor-element elementor-element-8673cc0 e-flex e-con-boxed e-con e-parent\" data-id=\"8673cc0\" data-element_type=\"container\" data-e-type=\"container\">\n\t\t\t\t\t<div class=\"e-con-inner\">\n\t\t<div class=\"elementor-element elementor-element-28bc9c0 e-con-full e-flex e-con e-child\" data-id=\"28bc9c0\" data-element_type=\"container\" data-e-type=\"container\">\n\t\t<div class=\"elementor-element elementor-element-42c2f9d e-con-full e-flex e-con e-child\" data-id=\"42c2f9d\" data-element_type=\"container\" data-e-type=\"container\">\n\t\t\t\t<div class=\"elementor-element elementor-element-193b8ae elementor-widget elementor-widget-heading\" data-id=\"193b8ae\" data-element_type=\"widget\" data-e-type=\"widget\" data-widget_type=\"heading.default\">\n\t\t\t\t<div class=\"elementor-widget-container\">\n\t\t\t\t\t<h2 class=\"elementor-heading-title elementor-size-default\">C\u00f3mo utilizamos y protegemos su informaci\u00f3n<\/h2>\t\t\t\t<\/div>\n\t\t\t\t<\/div>\n\t\t\t\t<div class=\"elementor-element elementor-element-4a357a2 elementor-widget-divider--view-line elementor-widget elementor-widget-divider\" data-id=\"4a357a2\" data-element_type=\"widget\" data-e-type=\"widget\" data-widget_type=\"divider.default\">\n\t\t\t\t<div class=\"elementor-widget-container\">\n\t\t\t\t\t\t\t<div class=\"elementor-divider\">\n\t\t\t<span class=\"elementor-divider-separator\">\n\t\t\t\t\t\t<\/span>\n\t\t<\/div>\n\t\t\t\t\t\t<\/div>\n\t\t\t\t<\/div>\n\t\t<div class=\"elementor-element elementor-element-3f4a5cd e-con-full e-flex e-con e-child\" data-id=\"3f4a5cd\" data-element_type=\"container\" data-e-type=\"container\" data-settings=\"{&quot;background_background&quot;:&quot;classic&quot;}\">\n\t\t\t\t<div class=\"elementor-element elementor-element-4326246 elementor-view-default elementor-widget elementor-widget-icon\" data-id=\"4326246\" data-element_type=\"widget\" data-e-type=\"widget\" data-widget_type=\"icon.default\">\n\t\t\t\t<div class=\"elementor-widget-container\">\n\t\t\t\t\t\t\t<div class=\"elementor-icon-wrapper\">\n\t\t\t<div class=\"elementor-icon\">\n\t\t\t<svg xmlns=\"http:\/\/www.w3.org\/2000\/svg\" width=\"160px\" height=\"160px\" viewBox=\"0 0 1024 1024\" class=\"icon\" fill=\"#000000\"><g id=\"SVGRepo_bgCarrier\" stroke-width=\"0\"><\/g><g id=\"SVGRepo_tracerCarrier\" stroke-linecap=\"round\" stroke-linejoin=\"round\"><\/g><g id=\"SVGRepo_iconCarrier\"><path d=\"M602.587685 727.095869c7.981294-58.263445 57.465316-115.728761 73.427903-131.691348 94.977397-91.784879 97.371785-242.631333 5.586906-337.60873s-243.429462-97.371785-338.406859-5.586906-97.371785 243.429462-5.586905 338.406859l5.586905 5.586906c15.962588 15.164458 65.44661 72.629774 73.427904 131.691348 1.596259 17.558846 3.192518 35.117693 2.394388 51.87841h180.377241c0.798129-17.558846 1.596259-35.117693 3.192517-52.676539z\" fill=\"#ffe32e\"><\/path><path d=\"M600.193297 795.734996H419.017927c-3.990647 0-7.981294-1.596259-11.173812-4.788776-3.192518-3.192518-4.788776-7.183164-4.788776-11.173812 0-16.760717-0.798129-33.521434-2.394388-50.282151-7.183164-51.87841-51.87841-105.353079-68.639127-122.113796l-5.586906-5.586905c-47.887763-48.685892-73.427903-113.334373-71.831644-181.9735s28.732658-131.691348 77.41855-179.579111 113.334373-73.427903 181.973499-71.831645c67.840998 0.798129 131.691348 28.732658 179.579112 77.41855s73.427903 113.334373 71.831645 181.9735c-0.798129 67.840998-28.732658 131.691348-77.418551 179.579111-15.962588 15.164458-61.455963 69.437256-68.639127 122.113796-1.596259 16.760717-3.192518 33.521434-2.394388 50.282151 0 3.990647-1.596259 7.981294-4.788776 11.173812-3.990647 3.192518-7.981294 4.788776-11.971941 4.788776z m-165.212783-31.925175h149.250195c0-12.77007 1.596259-25.54014 2.394388-38.310211 10.375682-74.226033 77.41855-139.672642 78.21668-140.470771 43.098987-41.502728 67.042868-97.371785 67.840998-157.231489 0.798129-59.859704-21.549493-116.52689-63.052222-158.827748-41.502728-43.098987-97.371785-67.042868-157.231488-67.840997C453.33749 199.532346 396.670304 221.879969 354.369447 263.382697c-43.098987 41.502728-67.042868 97.371785-67.840998 157.231489-0.798129 59.859704 21.549493 116.52689 63.052221 158.827747l4.788777 4.788776c0.798129 0.798129 67.840998 67.042868 78.216679 140.470772 1.596259 13.5682 2.394388 26.33827 2.394388 39.10834z\" fill=\"\"><\/path><path d=\"M418.219797 902.684334c-2.394388 53.474669 37.512081 99.766173 91.78488 105.353078 53.474669-4.788776 94.179267-51.080281 91.784879-105.353078 0-39.906469-1.596259-85.399844-1.596259-123.710055H419.017927c0.798129 38.31021-0.798129 83.803585-0.79813 123.710055z\" fill=\"#d6d6d6\"><\/path><path d=\"M510.004677 1024h-1.596259c-62.254092-5.586906-108.545596-59.061574-106.151208-121.315666 0-18.356976 0-37.512081 0.798129-55.869057 0-22.347623 0.798129-46.291504 0.798129-67.042869 0-3.990647 1.596259-7.981294 4.788777-11.173811 3.192518-3.192518 7.183164-4.788776 11.173811-4.788776h181.17537c3.990647 0 7.981294 1.596259 11.173812 4.788776 3.192518 3.192518 4.788776 7.183164 4.788776 11.173811 0 19.953235 0 43.098987 0.798129 65.44661 0 19.155105 0.798129 39.10834 0.79813 57.465316 2.394388 62.254092-43.897116 115.728761-106.949338 121.315666h-1.596258z m-75.024163-228.265004c0 16.760717 0 34.319564-0.798129 51.080281 0 19.155105-0.798129 38.31021-0.798129 55.869057v0.798129c-1.596259 44.695246 31.127046 83.005456 75.822291 88.592362 44.695246-4.788776 78.21668-43.098987 75.822292-88.592362 0-19.155105 0-38.31021-0.79813-57.465316 0-16.760717-0.798129-34.319564-0.798129-50.282151H434.980514zM418.219797 902.684334z\" fill=\"\"><\/path><path d=\"M633.714731 795.734996H378.313328c-8.779423 0-15.962588-7.183164-15.962588-15.962588s7.183164-15.962588 15.962588-15.962587h255.401403c8.779423 0 15.962588 7.183164 15.962588 15.962587s-7.183164 15.962588-15.962588 15.962588zM601.789556 861.181606H418.219797c-8.779423 0-15.962588-7.183164-15.962587-15.962588s7.183164-15.962588 15.962587-15.962588h183.569759c8.779423 0 15.962588 7.183164 15.962587 15.962588s-7.183164 15.962588-15.962587 15.962588zM601.789556 919.445051H418.219797c-8.779423 0-15.962588-7.183164-15.962587-15.962588s7.183164-15.962588 15.962587-15.962588h183.569759c8.779423 0 15.962588 7.183164 15.962587 15.962588s-7.183164 15.962588-15.962587 15.962588z\" fill=\"\"><\/path><path d=\"M478.877631 795.734996c-8.779423 0-15.962588-7.183164-15.962588-15.962588 0-1.596259-2.394388-144.461419-2.394388-209.109898h-3.990647c-19.953235 0-34.319564-5.586906-43.897116-15.962588-8.779423-8.779423-12.77007-21.549493-11.971941-36.713952 0.798129-12.77007 7.183164-41.502728 50.282151-41.502728 12.77007 0 23.145752 3.192518 29.530787 10.375682 11.971941 11.971941 11.971941 29.530787 11.173812 50.282152v0.798129h31.925175V526.765394c0-31.925175 18.356976-49.484022 51.080281-49.484022 13.5682 0 24.742011 5.586906 32.723304 15.164458 6.385035 7.981294 10.375682 19.155105 10.375682 30.328917 0 23.943882-15.962588 48.685892-44.695245 48.685892h-17.558847v208.311769c0 8.779423-7.183164 15.962588-15.962587 15.962588s-15.962588-7.183164-15.962588-15.962588V571.460639h-31.925175c0.798129 63.850351 2.394388 206.715511 2.394388 208.311769 0.798129 8.779423-5.586906 15.962588-15.164458 15.962588z m77.41855-256.199532h17.558846c10.375682 0 12.77007-11.971941 12.77007-16.760717 0-3.990647-0.798129-7.981294-3.192517-10.375682-0.798129-1.596259-3.192518-3.192518-7.981294-3.192518-16.760717 0-19.155105 3.990647-19.155105 17.558847v12.77007z m-105.353079-30.328917c-17.558846 0-17.558846 5.586906-18.356976 11.971941 0 5.586906 0.798129 10.375682 3.192518 12.77007 3.192518 3.192518 11.173811 5.586906 20.751364 5.586906h3.990647v-0.79813c0-10.375682 0-25.54014-2.394388-27.934528-0.798129-0.798129-2.394388-1.596259-7.183165-1.596259zM332.819953 435.778644c-8.779423 0-15.962588-7.183164-15.962587-15.962588C316.857366 320.848012 398.266563 239.438815 498.032736 239.438815c8.779423 0 15.962588 7.183164 15.962587 15.962588s-7.183164 15.962588-15.962587 15.962588c-82.207327 0-149.250195 67.042868-149.250195 148.452065 0 8.779423-7.183164 15.962588-15.962588 15.962588zM153.240842 444.558067H98.968044c-8.779423 0-15.962588-7.183164-15.962588-15.962588s7.183164-15.962588 15.962588-15.962587h54.272798c8.779423 0 15.962588 7.183164 15.962587 15.962587s-7.183164 15.962588-15.962587 15.962588zM925.031956 444.558067h-54.272798c-8.779423 0-15.962588-7.183164-15.962587-15.962588s7.183164-15.962588 15.962587-15.962587h54.272798c8.779423 0 15.962588 7.183164 15.962588 15.962587s-7.183164 15.962588-15.962588 15.962588zM512.399065 85.399844c-8.779423 0-15.962588-7.183164-15.962588-15.962588V15.962588c0-8.779423 7.183164-15.962588 15.962588-15.962588s15.962588 7.183164 15.962587 15.962588v54.272798c0 8.779423-7.183164 15.164458-15.962587 15.164458z\" fill=\"\"><\/path><path d=\"M234.650039 205.119252c-3.990647 0-7.981294-1.596259-11.173811-4.788777l-38.310211-38.31021c-6.385035-6.385035-6.385035-15.962588 0-22.347623 6.385035-6.385035 15.962588-6.385035 22.347623 0l38.31021 38.310211c6.385035 6.385035 6.385035 15.962588 0 22.347622-3.192518 3.192518-7.183164 4.788776-11.173811 4.788777z\" fill=\"\"><\/path><path d=\"M781.368667 205.119252c-3.990647 0-7.981294-1.596259-11.173811-4.788777-6.385035-6.385035-6.385035-15.962588 0-22.347622l38.31021-38.310211c6.385035-6.385035 15.962588-6.385035 22.347623 0s6.385035 15.962588 0 22.347623l-38.31021 38.31021c-3.192518 3.192518-7.183164 4.788776-11.173812 4.788777z\" fill=\"\"><\/path><\/g><\/svg>\t\t\t<\/div>\n\t\t<\/div>\n\t\t\t\t\t\t<\/div>\n\t\t\t\t<\/div>\n\t\t\t\t<div class=\"elementor-element elementor-element-fe3a9b0 elementor-widget elementor-widget-heading\" data-id=\"fe3a9b0\" data-element_type=\"widget\" data-e-type=\"widget\" data-widget_type=\"heading.default\">\n\t\t\t\t<div class=\"elementor-widget-container\">\n\t\t\t\t\t<p class=\"elementor-heading-title elementor-size-default\"><b>Nota Importante:<\/b>\nLe recomendamos que revise nuestra Pol\u00edtica de privacidad para comprender c\u00f3mo protegemos su informaci\u00f3n y garantizamos una experiencia segura y fiable.<\/p>\t\t\t\t<\/div>\n\t\t\t\t<\/div>\n\t\t\t\t<\/div>\n\t\t\t\t<div class=\"elementor-element elementor-element-0557217 elementor-widget elementor-widget-text-editor\" data-id=\"0557217\" data-element_type=\"widget\" data-e-type=\"widget\" data-widget_type=\"text-editor.default\">\n\t\t\t\t<div class=\"elementor-widget-container\">\n\t\t\t\t\t\t\t\t\t<p>Esta Pol\u00edtica de Privacidad explica c\u00f3mo recopilamos, utilizamos, almacenamos y compartimos tu informaci\u00f3n cuando interact\u00faas con nuestro sitio web. En Conde Travel, nos comprometemos a proteger tu privacidad y a garantizar la seguridad de tus datos personales. Adem\u00e1s, te proporcionamos informaci\u00f3n sobre tus derechos en relaci\u00f3n con tus datos personales y c\u00f3mo puedes ejercerlos, todo en cumplimiento con las normativas internacionales de privacidad, como el GDPR (Reglamento General de Protecci\u00f3n de Datos) y el CCPA (California Consumer Privacy Act).<\/p><h3>1. \u00bfQui\u00e9nes somos?<\/h3><p>La direcci\u00f3n de nuestro sitio web es: <span style=\"color: #56a813;\"><a style=\"color: #56a813;\" href=\"https:\/\/conde.travel\">https:\/\/conde.travel<\/a><\/span>. En Conde Travel, nos comprometemos a proteger tu privacidad. Esta Pol\u00edtica de Privacidad explica c\u00f3mo recopilamos, usamos, almacenamos y protegemos tus datos personales y c\u00f3mo puedes ejercer tus derechos sobre los mismos.<\/p><p>Datos de contacto:<br \/>Si tienes alguna pregunta sobre esta pol\u00edtica o la forma en que tratamos tus datos personales, puedes contactarnos a trav\u00e9s del correo electr\u00f3nico: info@conde.travel.<\/p><h3>2. Informaci\u00f3n que recopilamos<\/h3><p>Recopilamos datos personales cuando interact\u00faas con nuestro sitio web, como por ejemplo cuando dejas un comentario, realizas una reserva o te registras para recibir nuestras actualizaciones. Los tipos de datos que podemos recopilar incluyen:<\/p><ul><li><b>Datos de identificaci\u00f3n:<\/b> Nombre, correo electr\u00f3nico, n\u00famero de tel\u00e9fono.<\/li><li><b>Datos de uso:<\/b> Informaci\u00f3n sobre c\u00f3mo usas nuestro sitio web, incluyendo tu direcci\u00f3n IP, el tipo de dispositivo que usas, y los navegadores utilizados.<\/li><li><b>Cookies:<\/b> Usamos cookies para mejorar la experiencia del usuario, analizar el tr\u00e1fico web, y personalizar el contenido. Puedes configurar tu navegador para rechazar cookies, pero algunas partes del sitio web pueden no funcionar correctamente si lo haces.<\/li><li><b>Cookies:<\/b>\u00a0Para obtener m\u00e1s informaci\u00f3n sobre el uso de cookies en este sitio, consulta nuestra Pol\u00edtica de Cookies.<\/li><\/ul><h3>3. \u00bfPor qu\u00e9 recopilamos tus datos?<\/h3><p>Utilizamos la informaci\u00f3n que recopilamos para las siguientes finalidades:<\/p><ul><li><b>Mejorar tu experiencia:<\/b> Proveer una experiencia personalizada, como recomendaciones basadas en tus intereses.<\/li><li><b>Procesar tus reservas:<\/b> Gestionar tus solicitudes de tours, reservas y pagos.<\/li><li><b>Comunicarnos contigo:<\/b> Para informarte sobre nuestras ofertas, promociones o actualizaciones relacionadas con los servicios que has solicitado o mostrado inter\u00e9s.<\/li><li><b>Cumplir con las leyes:<\/b>\u00a0Para cumplir con nuestras obligaciones legales, como la gesti\u00f3n de pagos o la resoluci\u00f3n de disputas.<\/li><\/ul><h3>4. Uso de Cookies<\/h3><p>Este sitio utiliza cookies para mejorar tu experiencia y personalizar los contenidos. Algunas cookies son necesarias para el funcionamiento del sitio, mientras que otras nos permiten analizar el uso del sitio y ofrecerte contenido relevante. Las cookies pueden ser de terceros como Google Analytics, Facebook o Twitter.<\/p><p>Si dejas un comentario, podemos guardar tu nombre, correo electr\u00f3nico y sitio web en cookies para que no tengas que rellenar esos campos nuevamente en futuros comentarios. Las cookies permanecen activas por un a\u00f1o.<\/p><h3>5. Derechos de los usuarios<\/h3><p>De acuerdo con las leyes de protecci\u00f3n de datos como el\u00a0<span style=\"color: #56a813;\"><a style=\"color: #56a813;\" href=\"https:\/\/gdpr-info.eu\/\" target=\"_blank\" rel=\"noopener noreferrer\">GDPR<\/a><\/span>\u00a0(Reglamento General de Protecci\u00f3n de Datos de la UE) y la\u00a0<span style=\"color: #56a813;\"><a style=\"color: #56a813;\" href=\"https:\/\/oag.ca.gov\/privacy\/ccpa\/\" target=\"_blank\" rel=\"noopener noreferrer\">CCPA<\/a><\/span>\u00a0(Ley de Privacidad del Consumidor de California), tienes los siguientes derechos sobre tus datos personales:<\/p><ul><li><b>Acceso:<\/b> Puedes solicitar acceso a los datos personales que tenemos sobre ti.<\/li><li><b>Rectificaci\u00f3n:<\/b> Puedes corregir cualquier dato personal incorrecto o incompleto.<\/li><li><b>Eliminaci\u00f3n:<\/b> Puedes solicitar que eliminemos tus datos personales, sujeto a ciertas condiciones legales.<\/li><li><b>Portabilidad:<\/b> Puedes solicitar una copia de tus datos en un formato estructurado y legible para m\u00e1quinas.<\/li><li><b>Oposici\u00f3n al tratamiento:<\/b> Puedes oponerte al tratamiento de tus datos en ciertas circunstancias.<\/li><li><b>Revocar el consentimiento:<\/b>\u00a0En los casos en que hayas dado tu consentimiento para el tratamiento de tus datos, puedes revocar dicho consentimiento en cualquier momento.<\/li><\/ul><h3>6. \u00bfCon qui\u00e9n compartimos sus datos?<\/h3><p>No compartimos tus datos personales con terceros, salvo en los siguientes casos:<\/p><ul><li><b>Proveedores de servicios:<\/b> Podremos compartir tus datos con proveedores de servicios externos que nos ayuden a gestionar las reservas o realizar pagos (por ejemplo, procesadores de pago, empresas de env\u00edo de boletines).<\/li><li><b>Cumplimiento legal:<\/b> Podemos compartir tus datos cuando sea necesario para cumplir con la ley, responder a solicitudes judiciales o proteger nuestros derechos y propiedades.<\/li><li><b>Terceros proveedores:<\/b>\u00a0A veces, utilizamos plataformas como Gravatar o servicios de an\u00e1lisis web (Google Analytics) para mejorar nuestros servicios. Estos terceros tambi\u00e9n pueden recopilar datos, que estar\u00e1n sujetos a sus propias pol\u00edticas de privacidad.<\/li><\/ul><h3>7. Retenci\u00f3n de datos<\/h3><p>Conservaremos tus datos personales durante el tiempo necesario para cumplir con los fines descritos en esta pol\u00edtica, o hasta que ejerzas tu derecho a eliminarlos. En el caso de comentarios, los datos se mantendr\u00e1n indefinidamente para facilitar la moderaci\u00f3n de nuevos comentarios y la interacci\u00f3n con el contenido.<\/p><h3>8. Seguridad de los datos<\/h3><p>Tomamos medidas razonables para proteger tus datos personales de accesos no autorizados, alteraci\u00f3n o destrucci\u00f3n. Sin embargo, ten en cuenta que ninguna transmisi\u00f3n de datos a trav\u00e9s de Internet es completamente segura, por lo que no podemos garantizar una seguridad absoluta.<\/p><h3>9. Actualizaciones de nuestra Pol\u00edtica de Privacidad<\/h3><p>Nos reservamos el derecho de actualizar esta Pol\u00edtica de Privacidad para reflejar cambios en nuestras pr\u00e1cticas de recopilaci\u00f3n de datos, tecnolog\u00eda o normativas legales. Cualquier cambio ser\u00e1 publicado en esta p\u00e1gina y, cuando corresponda, te notificaremos por correo electr\u00f3nico.<\/p><p><em>\u00daltima actualizaci\u00f3n: 19\/10\/2023<\/em><\/p><h3>10. Enlaces a otros sitios<\/h3><p>Nuestro sitio puede contener enlaces a sitios web de terceros. No somos responsables de las pr\u00e1cticas de privacidad o del contenido de esos sitios. Te recomendamos que revises las pol\u00edticas de privacidad de cualquier sitio web vinculado.<\/p>\t\t\t\t\t\t\t\t<\/div>\n\t\t\t\t<\/div>\n\t\t\t\t<\/div>\n\t\t<div class=\"elementor-element elementor-element-e3a5ce3 e-con-full e-flex e-con e-child\" data-id=\"e3a5ce3\" data-element_type=\"container\" data-e-type=\"container\" data-settings=\"{&quot;sticky&quot;:&quot;top&quot;,&quot;sticky_parent&quot;:&quot;yes&quot;,&quot;sticky_on&quot;:[&quot;desktop&quot;,&quot;laptop&quot;,&quot;tablet&quot;,&quot;mobile&quot;],&quot;sticky_offset&quot;:0,&quot;sticky_effects_offset&quot;:0,&quot;sticky_anchor_link_offset&quot;:0}\">\n\t\t<div class=\"elementor-element elementor-element-bc12ecb e-con-full e-flex e-con e-child\" data-id=\"bc12ecb\" data-element_type=\"container\" data-e-type=\"container\">\n\t\t\t\t<div class=\"elementor-element elementor-element-9562759 elementor-widget elementor-widget-image\" data-id=\"9562759\" data-element_type=\"widget\" data-e-type=\"widget\" data-widget_type=\"image.default\">\n\t\t\t\t<div class=\"elementor-widget-container\">\n\t\t\t\t\t\t\t\t\t\t\t\t<figure class=\"wp-caption\">\n\t\t\t\t\t\t\t\t\t\t<img fetchpriority=\"high\" decoding=\"async\" width=\"1024\" height=\"1024\" src=\"https:\/\/conde.travel\/wp-content\/uploads\/2024\/01\/flor-1024x1024.jpg\" class=\"attachment-large size-large wp-image-13744\" alt=\"\" srcset=\"https:\/\/conde.travel\/wp-content\/uploads\/2024\/01\/flor-1024x1024.jpg 1024w, https:\/\/conde.travel\/wp-content\/uploads\/2024\/01\/flor-300x300.jpg 300w, https:\/\/conde.travel\/wp-content\/uploads\/2024\/01\/flor-150x150.jpg 150w, https:\/\/conde.travel\/wp-content\/uploads\/2024\/01\/flor-768x768.jpg 768w, https:\/\/conde.travel\/wp-content\/uploads\/2024\/01\/flor-720x720.jpg 720w, https:\/\/conde.travel\/wp-content\/uploads\/2024\/01\/flor.jpg 1200w\" sizes=\"(max-width: 1024px) 100vw, 1024px\" title=\"\">\t\t\t\t\t\t\t\t\t\t\t<figcaption class=\"widget-image-caption wp-caption-text\"><\/figcaption>\n\t\t\t\t\t\t\t\t\t\t<\/figure>\n\t\t\t\t\t\t\t\t\t<\/div>\n\t\t\t\t<\/div>\n\t\t\t\t<div class=\"elementor-element elementor-element-2816640 elementor-widget elementor-widget-text-editor\" data-id=\"2816640\" data-element_type=\"widget\" data-e-type=\"widget\" data-widget_type=\"text-editor.default\">\n\t\t\t\t<div class=\"elementor-widget-container\">\n\t\t\t\t\t\t\t\t\t<p>Tu <strong>asesor de viajes personal<\/strong> escuchar\u00e1 tus planes, preferencias y estilo de viaje para crear un itinerario a medida, siempre adaptado a tu presupuesto e intereses.<\/p>\t\t\t\t\t\t\t\t<\/div>\n\t\t\t\t<\/div>\n\t\t\t\t<\/div>\n\t\t<div class=\"elementor-element elementor-element-645e570 e-con-full e-flex e-con e-child\" data-id=\"645e570\" data-element_type=\"container\" data-e-type=\"container\">\n\t\t\t\t<div class=\"elementor-element elementor-element-69bf482 elementor-widget elementor-widget-button\" data-id=\"69bf482\" data-element_type=\"widget\" data-e-type=\"widget\" data-widget_type=\"button.default\">\n\t\t\t\t<div class=\"elementor-widget-container\">\n\t\t\t\t\t\t\t\t\t<div class=\"elementor-button-wrapper\">\n\t\t\t\t\t<a class=\"elementor-button elementor-button-link elementor-size-sm\" href=\"tel:+51%20921%20780%20848\">\n\t\t\t\t\t\t<span class=\"elementor-button-content-wrapper\">\n\t\t\t\t\t\t<span class=\"elementor-button-icon\">\n\t\t\t\t<svg aria-hidden=\"true\" class=\"e-font-icon-svg e-fas-phone-alt\" viewBox=\"0 0 512 512\" xmlns=\"http:\/\/www.w3.org\/2000\/svg\"><path d=\"M497.39 361.8l-112-48a24 24 0 0 0-28 6.9l-49.6 60.6A370.66 370.66 0 0 1 130.6 204.11l60.6-49.6a23.94 23.94 0 0 0 6.9-28l-48-112A24.16 24.16 0 0 0 122.6.61l-104 24A24 24 0 0 0 0 48c0 256.5 207.9 464 464 464a24 24 0 0 0 23.4-18.6l24-104a24.29 24.29 0 0 0-14.01-27.6z\"><\/path><\/svg>\t\t\t<\/span>\n\t\t\t\t\t\t\t\t\t<span class=\"elementor-button-text\">Llamar +51 921 780 848<\/span>\n\t\t\t\t\t<\/span>\n\t\t\t\t\t<\/a>\n\t\t\t\t<\/div>\n\t\t\t\t\t\t\t\t<\/div>\n\t\t\t\t<\/div>\n\t\t\t\t<div class=\"elementor-element elementor-element-b1548b7 elementor-widget elementor-widget-button\" data-id=\"b1548b7\" data-element_type=\"widget\" data-e-type=\"widget\" data-widget_type=\"button.default\">\n\t\t\t\t<div class=\"elementor-widget-container\">\n\t\t\t\t\t\t\t\t\t<div class=\"elementor-button-wrapper\">\n\t\t\t\t\t<a class=\"elementor-button elementor-button-link elementor-size-sm\" href=\"https:\/\/api.whatsapp.com\/send?phone=51984800095\" target=\"_blank\" rel=\"noopener\">\n\t\t\t\t\t\t<span class=\"elementor-button-content-wrapper\">\n\t\t\t\t\t\t<span class=\"elementor-button-icon\">\n\t\t\t\t<svg aria-hidden=\"true\" class=\"e-font-icon-svg e-fab-whatsapp\" viewBox=\"0 0 448 512\" xmlns=\"http:\/\/www.w3.org\/2000\/svg\"><path d=\"M380.9 97.1C339 55.1 283.2 32 223.9 32c-122.4 0-222 99.6-222 222 0 39.1 10.2 77.3 29.6 111L0 480l117.7-30.9c32.4 17.7 68.9 27 106.1 27h.1c122.3 0 224.1-99.6 224.1-222 0-59.3-25.2-115-67.1-157zm-157 341.6c-33.2 0-65.7-8.9-94-25.7l-6.7-4-69.8 18.3L72 359.2l-4.4-7c-18.5-29.4-28.2-63.3-28.2-98.2 0-101.7 82.8-184.5 184.6-184.5 49.3 0 95.6 19.2 130.4 54.1 34.8 34.9 56.2 81.2 56.1 130.5 0 101.8-84.9 184.6-186.6 184.6zm101.2-138.2c-5.5-2.8-32.8-16.2-37.9-18-5.1-1.9-8.8-2.8-12.5 2.8-3.7 5.6-14.3 18-17.6 21.8-3.2 3.7-6.5 4.2-12 1.4-32.6-16.3-54-29.1-75.5-66-5.7-9.8 5.7-9.1 16.3-30.3 1.8-3.7.9-6.9-.5-9.7-1.4-2.8-12.5-30.1-17.1-41.2-4.5-10.8-9.1-9.3-12.5-9.5-3.2-.2-6.9-.2-10.6-.2-3.7 0-9.7 1.4-14.8 6.9-5.1 5.6-19.4 19-19.4 46.3 0 27.3 19.9 53.7 22.6 57.4 2.8 3.7 39.1 59.7 94.8 83.8 35.2 15.2 49 16.5 66.6 13.9 10.7-1.6 32.8-13.4 37.4-26.4 4.6-13 4.6-24.1 3.2-26.4-1.3-2.5-5-3.9-10.5-6.6z\"><\/path><\/svg>\t\t\t<\/span>\n\t\t\t\t\t\t\t\t\t<span class=\"elementor-button-text\">Chat +51 984 800 095<\/span>\n\t\t\t\t\t<\/span>\n\t\t\t\t\t<\/a>\n\t\t\t\t<\/div>\n\t\t\t\t\t\t\t\t<\/div>\n\t\t\t\t<\/div>\n\t\t\t\t<div class=\"elementor-element elementor-element-3c4f2bc elementor-widget elementor-widget-button\" data-id=\"3c4f2bc\" data-element_type=\"widget\" data-e-type=\"widget\" data-widget_type=\"button.default\">\n\t\t\t\t<div class=\"elementor-widget-container\">\n\t\t\t\t\t\t\t\t\t<div class=\"elementor-button-wrapper\">\n\t\t\t\t\t<a class=\"elementor-button elementor-button-link elementor-size-sm\" href=\"\/es\/contactanos\/\">\n\t\t\t\t\t\t<span class=\"elementor-button-content-wrapper\">\n\t\t\t\t\t\t\t\t\t<span class=\"elementor-button-text\">\u00a1CONT\u00c1CTANOS!<\/span>\n\t\t\t\t\t<\/span>\n\t\t\t\t\t<\/a>\n\t\t\t\t<\/div>\n\t\t\t\t\t\t\t\t<\/div>\n\t\t\t\t<\/div>\n\t\t\t\t<\/div>\n\t\t\t\t<\/div>\n\t\t\t\t<\/div>\n\t\t\t\t\t<\/div>\n\t\t\t\t<\/div>\n\t\t\t\t<\/div>\n\t\t","protected":false},"excerpt":{"rendered":"<p>Pol\u00edtica de privacidad de Conde Travel C\u00f3mo utilizamos y protegemos su informaci\u00f3n Nota Importante: Le recomendamos que revise nuestra Pol\u00edtica de privacidad para comprender c\u00f3mo protegemos su informaci\u00f3n y garantizamos una experiencia segura y fiable. Esta Pol\u00edtica de Privacidad explica c\u00f3mo recopilamos, utilizamos, almacenamos y compartimos tu informaci\u00f3n cuando interact\u00faas con nuestro sitio web. En [&hellip;]<\/p>\n","protected":false},"author":1,"featured_media":0,"parent":0,"menu_order":0,"comment_status":"closed","ping_status":"closed","template":"","meta":{"_acf_changed":false,"footnotes":""},"class_list":["post-19194","page","type-page","status-publish","hentry"],"acf":[],"_links":{"self":[{"href":"https:\/\/conde.travel\/es\/wp-json\/wp\/v2\/pages\/19194","targetHints":{"allow":["GET"]}}],"collection":[{"href":"https:\/\/conde.travel\/es\/wp-json\/wp\/v2\/pages"}],"about":[{"href":"https:\/\/conde.travel\/es\/wp-json\/wp\/v2\/types\/page"}],"author":[{"embeddable":true,"href":"https:\/\/conde.travel\/es\/wp-json\/wp\/v2\/users\/1"}],"replies":[{"embeddable":true,"href":"https:\/\/conde.travel\/es\/wp-json\/wp\/v2\/comments?post=19194"}],"version-history":[{"count":0,"href":"https:\/\/conde.travel\/es\/wp-json\/wp\/v2\/pages\/19194\/revisions"}],"wp:attachment":[{"href":"https:\/\/conde.travel\/es\/wp-json\/wp\/v2\/media?parent=19194"}],"curies":[{"name":"wp","href":"https:\/\/api.w.org\/{rel}","templated":true}]}}