{"id":41820,"date":"2025-10-31T10:44:54","date_gmt":"2025-10-31T15:44:54","guid":{"rendered":"https:\/\/conde.travel\/la-empresa\/history-conde-travel\/"},"modified":"2025-11-05T09:43:51","modified_gmt":"2025-11-05T14:43:51","slug":"historia-conde-travel","status":"publish","type":"page","link":"https:\/\/conde.travel\/es\/la-empresa\/historia-conde-travel\/","title":{"rendered":"Nuestra historia"},"content":{"rendered":"\t\t<div data-elementor-type=\"wp-page\" data-elementor-id=\"41820\" class=\"elementor elementor-41820 elementor-41431\" data-elementor-post-type=\"page\">\n\t\t\t\t<div class=\"elementor-element elementor-element-1cd9841 e-flex e-con-boxed e-con e-parent\" data-id=\"1cd9841\" data-element_type=\"container\" data-e-type=\"container\" data-settings=\"{&quot;background_background&quot;:&quot;classic&quot;}\">\n\t\t\t\t\t<div class=\"e-con-inner\">\n\t\t<div class=\"elementor-element elementor-element-de50789 e-con-full e-flex e-con e-child\" data-id=\"de50789\" data-element_type=\"container\" data-e-type=\"container\">\n\t\t\t\t<div class=\"elementor-element elementor-element-210c2fc elementor-widget elementor-widget-heading\" data-id=\"210c2fc\" data-element_type=\"widget\" data-e-type=\"widget\" data-widget_type=\"heading.default\">\n\t\t\t\t<div class=\"elementor-widget-container\">\n\t\t\t\t\t<h1 class=\"elementor-heading-title elementor-size-default\">Historia de Conde Travel<\/h1>\t\t\t\t<\/div>\n\t\t\t\t<\/div>\n\t\t\t\t<\/div>\n\t\t\t\t\t<\/div>\n\t\t\t\t<\/div>\n\t\t<div class=\"elementor-element elementor-element-78bf6fe e-con-full e-flex e-con e-parent\" data-id=\"78bf6fe\" data-element_type=\"container\" data-e-type=\"container\">\n\t\t\t\t<div class=\"elementor-element elementor-element-1a983b9 elementor-widget-divider--separator-type-pattern elementor-widget-divider--view-line elementor-widget elementor-widget-divider\" data-id=\"1a983b9\" data-element_type=\"widget\" data-e-type=\"widget\" data-widget_type=\"divider.default\">\n\t\t\t\t<div class=\"elementor-widget-container\">\n\t\t\t\t\t\t\t<div class=\"elementor-divider\" style=\"--divider-pattern-url: url(&quot;data:image\/svg+xml,%3Csvg xmlns=&#039;http:\/\/www.w3.org\/2000\/svg&#039; preserveAspectRatio=&#039;none&#039; overflow=&#039;visible&#039; height=&#039;100%&#039; viewBox=&#039;0 0 24 24&#039; fill=&#039;none&#039; stroke=&#039;black&#039; stroke-width=&#039;2.5&#039; stroke-linecap=&#039;square&#039; stroke-miterlimit=&#039;10&#039;%3E%3Cpolyline points=&#039;0,6 6,6 6,18 18,18 18,6 24,6 \t&#039;\/%3E%3C\/svg%3E&quot;);\">\n\t\t\t<span class=\"elementor-divider-separator\">\n\t\t\t\t\t\t<\/span>\n\t\t<\/div>\n\t\t\t\t\t\t<\/div>\n\t\t\t\t<\/div>\n\t\t\t\t<\/div>\n\t\t<div class=\"elementor-element elementor-element-5ff7c06 e-flex e-con-boxed e-con e-parent\" data-id=\"5ff7c06\" data-element_type=\"container\" data-e-type=\"container\">\n\t\t\t\t\t<div class=\"e-con-inner\">\n\t\t<div class=\"elementor-element elementor-element-e98fdb8 e-con-full e-flex e-con e-child\" data-id=\"e98fdb8\" data-element_type=\"container\" data-e-type=\"container\">\n\t\t<div class=\"elementor-element elementor-element-23dcc12 e-con-full e-flex e-con e-child\" data-id=\"23dcc12\" data-element_type=\"container\" data-e-type=\"container\">\n\t\t\t\t<div class=\"elementor-element elementor-element-370b89f elementor-widget elementor-widget-heading\" data-id=\"370b89f\" data-element_type=\"widget\" data-e-type=\"widget\" data-widget_type=\"heading.default\">\n\t\t\t\t<div class=\"elementor-widget-container\">\n\t\t\t\t\t<span class=\"elementor-heading-title elementor-size-default\">Nuestra Historia<\/span>\t\t\t\t<\/div>\n\t\t\t\t<\/div>\n\t\t\t\t<div class=\"elementor-element elementor-element-1183a25 elementor-widget elementor-widget-heading\" data-id=\"1183a25\" data-element_type=\"widget\" data-e-type=\"widget\" data-widget_type=\"heading.default\">\n\t\t\t\t<div class=\"elementor-widget-container\">\n\t\t\t\t\t<h2 class=\"elementor-heading-title elementor-size-default\">Un viaje basado en la pasi\u00f3n, la experiencia y la aventura.<\/h2>\t\t\t\t<\/div>\n\t\t\t\t<\/div>\n\t\t\t\t<div class=\"elementor-element elementor-element-b55cdc2 elementor-widget elementor-widget-text-editor\" data-id=\"b55cdc2\" data-element_type=\"widget\" data-e-type=\"widget\" data-widget_type=\"text-editor.default\">\n\t\t\t\t<div class=\"elementor-widget-container\">\n\t\t\t\t\t\t\t\t\t<p>Durante m\u00e1s de 15 a\u00f1os, hemos convertido sue\u00f1os en aventuras inolvidables por Cusco, Machu Picchu y todo Per\u00fa. Nuestra historia es una mezcla de pasi\u00f3n, dedicaci\u00f3n y amor por compartir la magia, la historia y las tradiciones de nuestra tierra con viajeros de todo el mundo. Cada viaje que creamos se inspira en las sonrisas y experiencias de quienes eligen descubrir Per\u00fa con nosotros.<\/p>\t\t\t\t\t\t\t\t<\/div>\n\t\t\t\t<\/div>\n\t\t\t\t<\/div>\n\t\t<div class=\"elementor-element elementor-element-4f8f4e2 e-con-full e-flex e-con e-child\" data-id=\"4f8f4e2\" data-element_type=\"container\" data-e-type=\"container\">\n\t\t<div class=\"elementor-element elementor-element-52a784f e-con-full e-flex e-con e-child\" data-id=\"52a784f\" data-element_type=\"container\" data-e-type=\"container\">\n\t\t\t\t<div class=\"elementor-element elementor-element-499deb5 elementor-widget elementor-widget-heading\" data-id=\"499deb5\" data-element_type=\"widget\" data-e-type=\"widget\" data-widget_type=\"heading.default\">\n\t\t\t\t<div class=\"elementor-widget-container\">\n\t\t\t\t\t<h3 class=\"elementor-heading-title elementor-size-default\">Nuestra historia naci\u00f3 mucho antes de la fundaci\u00f3n de Conde Travel<\/h3>\t\t\t\t<\/div>\n\t\t\t\t<\/div>\n\t\t\t\t<div class=\"elementor-element elementor-element-e8b7e5e elementor-widget-divider--view-line elementor-widget elementor-widget-divider\" data-id=\"e8b7e5e\" data-element_type=\"widget\" data-e-type=\"widget\" data-widget_type=\"divider.default\">\n\t\t\t\t<div class=\"elementor-widget-container\">\n\t\t\t\t\t\t\t<div class=\"elementor-divider\">\n\t\t\t<span class=\"elementor-divider-separator\">\n\t\t\t\t\t\t<\/span>\n\t\t<\/div>\n\t\t\t\t\t\t<\/div>\n\t\t\t\t<\/div>\n\t\t\t\t<\/div>\n\t\t<div class=\"elementor-element elementor-element-f81c7b8 e-con-full e-flex e-con e-child\" data-id=\"f81c7b8\" data-element_type=\"container\" data-e-type=\"container\">\n\t\t<div class=\"elementor-element elementor-element-0478f5d e-con-full e-flex e-con e-child\" data-id=\"0478f5d\" data-element_type=\"container\" data-e-type=\"container\">\n\t\t\t\t<div class=\"elementor-element elementor-element-e1cfe81 elementor-widget elementor-widget-image\" data-id=\"e1cfe81\" data-element_type=\"widget\" data-e-type=\"widget\" data-widget_type=\"image.default\">\n\t\t\t\t<div class=\"elementor-widget-container\">\n\t\t\t\t\t\t\t\t\t\t\t\t\t\t\t<img fetchpriority=\"high\" decoding=\"async\" width=\"1000\" height=\"1500\" src=\"https:\/\/conde.travel\/wp-content\/uploads\/2025\/10\/luis-conde-founder-e1761939111145.jpg\" class=\"attachment-full size-full wp-image-41495\" alt=\"\" title=\"\">\t\t\t\t\t\t\t\t\t\t\t\t\t\t\t<\/div>\n\t\t\t\t<\/div>\n\t\t\t\t<\/div>\n\t\t<div class=\"elementor-element elementor-element-aceea84 e-con-full e-flex e-con e-child\" data-id=\"aceea84\" data-element_type=\"container\" data-e-type=\"container\">\n\t\t\t\t<div class=\"elementor-element elementor-element-806ffcc elementor-widget elementor-widget-heading\" data-id=\"806ffcc\" data-element_type=\"widget\" data-e-type=\"widget\" data-widget_type=\"heading.default\">\n\t\t\t\t<div class=\"elementor-widget-container\">\n\t\t\t\t\t<h4 class=\"elementor-heading-title elementor-size-default\">Luis Conde y Ruth Cusihuaman<\/h4>\t\t\t\t<\/div>\n\t\t\t\t<\/div>\n\t\t\t\t<div class=\"elementor-element elementor-element-d1e447b elementor-widget elementor-widget-heading\" data-id=\"d1e447b\" data-element_type=\"widget\" data-e-type=\"widget\" data-widget_type=\"heading.default\">\n\t\t\t\t<div class=\"elementor-widget-container\">\n\t\t\t\t\t<p class=\"elementor-heading-title elementor-size-default\">FUNDADORES<\/p>\t\t\t\t<\/div>\n\t\t\t\t<\/div>\n\t\t\t\t<div class=\"elementor-element elementor-element-0dc507f elementor-widget elementor-widget-text-editor\" data-id=\"0dc507f\" data-element_type=\"widget\" data-e-type=\"widget\" data-widget_type=\"text-editor.default\">\n\t\t\t\t<div class=\"elementor-widget-container\">\n\t\t\t\t\t\t\t\t\t<p>Ruth y Luis (ambos estudiantes de turismo en ese momento) se conocieron mientras persegu\u00edan sus sue\u00f1os. En 2005, mientras realizaban sus pr\u00e1cticas, descubrieron una oportunidad \u00fanica: crear su propia empresa tur\u00edstica para compartir su historia y tradiciones con el mundo.<\/p><p>Centrados en crear una empresa que realmente ofreciera un servicio de calidad, Luis y Ruth siempre trabajaron en equipo. Luis, entusiasta y proactivo, hab\u00eda desempe\u00f1ado diversas funciones en el sector tur\u00edstico, trabajando como arriero, ayudante de cocina, gu\u00eda asistente y gu\u00eda tur\u00edstico, convirti\u00e9ndose en un experto explorador de nuevas rutas de senderismo. Ruth, decidida y organizada, se centr\u00f3 en la gesti\u00f3n de las operaciones, hablando y coordin\u00e1ndose con cada comunidad, gu\u00eda tur\u00edstico, chef y todo el personal involucrado en cada tour. Convirtiendo cada nueva ruta explorada en una verdadera aventura de senderismo, emocionante y segura. Ruth y Luis construyeron Conde Travel a base de trabajo duro, mirando siempre hacia el futuro a pesar de las dificultades.<\/p>\t\t\t\t\t\t\t\t<\/div>\n\t\t\t\t<\/div>\n\t\t\t\t<\/div>\n\t\t\t\t<\/div>\n\t\t<div class=\"elementor-element elementor-element-912f9b7 e-con-full e-flex e-con e-child\" data-id=\"912f9b7\" data-element_type=\"container\" data-e-type=\"container\">\n\t\t<div class=\"elementor-element elementor-element-61a1313 e-con-full e-flex e-con e-child\" data-id=\"61a1313\" data-element_type=\"container\" data-e-type=\"container\">\n\t\t\t\t<div class=\"elementor-element elementor-element-d231336 elementor-widget elementor-widget-text-editor\" data-id=\"d231336\" data-element_type=\"widget\" data-e-type=\"widget\" data-widget_type=\"text-editor.default\">\n\t\t\t\t<div class=\"elementor-widget-container\">\n\t\t\t\t\t\t\t\t\t<p>Desde el principio, uno de sus primeros retos fue innovar y crear nuevas experiencias en rutas que pocos conoc\u00edan. As\u00ed surgi\u00f3 la experiencia Inca Jungle. Inca Jungle se consolid\u00f3 como la aventura perfecta para compartir la aut\u00e9ntica esencia del Per\u00fa en el camino hacia Machu Picchu. Sin embargo, ser pioneros en esta ruta no fue una tarea f\u00e1cil. Desde el principio, Luis y Ruth trabajaron de forma constante con varias comunidades situadas a lo largo de la ruta de senderismo con el objetivo de promover el turismo y el desarrollo. Fomentaron el desarrollo tur\u00edstico en pueblos como Santa Teresa y Santa Mar\u00eda y tambi\u00e9n promovieron actividades como el ciclismo, el rafting y la tirolesa. Tras varios a\u00f1os de perseverancia y esfuerzo, Conde Travel se consolid\u00f3 como l\u00edder de la Ruta Inca Jungle, t\u00edtulo que mantiene hasta hoy. Con el tiempo, Conde Travel tambi\u00e9n fue pionera en rutas como la Hidroel\u00e9ctrica en coche, promoviendo y garantizando un servicio seguro y de alta calidad dise\u00f1ado para exploradores en busca de aventuras.<\/p>\t\t\t\t\t\t\t\t<\/div>\n\t\t\t\t<\/div>\n\t\t\t\t<\/div>\n\t\t<div class=\"elementor-element elementor-element-593853d e-con-full e-flex e-con e-child\" data-id=\"593853d\" data-element_type=\"container\" data-e-type=\"container\" data-settings=\"{&quot;background_background&quot;:&quot;classic&quot;}\">\n\t\t\t\t<div class=\"elementor-element elementor-element-e5fec4f elementor-widget elementor-widget-image\" data-id=\"e5fec4f\" data-element_type=\"widget\" data-e-type=\"widget\" data-widget_type=\"image.default\">\n\t\t\t\t<div class=\"elementor-widget-container\">\n\t\t\t\t\t\t\t\t\t\t\t\t\t\t\t<img decoding=\"async\" width=\"890\" height=\"1024\" src=\"https:\/\/conde.travel\/wp-content\/uploads\/2025\/10\/ruth-cusihuaman-founder-e1762353737652-890x1024.jpg\" class=\"attachment-large size-large wp-image-41492\" alt=\"\" srcset=\"https:\/\/conde.travel\/wp-content\/uploads\/2025\/10\/ruth-cusihuaman-founder-e1762353737652-890x1024.jpg 890w, https:\/\/conde.travel\/wp-content\/uploads\/2025\/10\/ruth-cusihuaman-founder-e1762353737652-261x300.jpg 261w, https:\/\/conde.travel\/wp-content\/uploads\/2025\/10\/ruth-cusihuaman-founder-e1762353737652-768x883.jpg 768w, https:\/\/conde.travel\/wp-content\/uploads\/2025\/10\/ruth-cusihuaman-founder-e1762353737652.jpg 1000w\" sizes=\"(max-width: 890px) 100vw, 890px\" title=\"\">\t\t\t\t\t\t\t\t\t\t\t\t\t\t\t<\/div>\n\t\t\t\t<\/div>\n\t\t\t\t<\/div>\n\t\t\t\t<\/div>\n\t\t<div class=\"elementor-element elementor-element-3062f7c e-con-full e-flex e-con e-child\" data-id=\"3062f7c\" data-element_type=\"container\" data-e-type=\"container\">\n\t\t<div class=\"elementor-element elementor-element-1893b24 e-con-full e-flex e-con e-child\" data-id=\"1893b24\" data-element_type=\"container\" data-e-type=\"container\">\n\t\t\t\t<div class=\"elementor-element elementor-element-cdc753c elementor-widget elementor-widget-text-editor\" data-id=\"cdc753c\" data-element_type=\"widget\" data-e-type=\"widget\" data-widget_type=\"text-editor.default\">\n\t\t\t\t<div class=\"elementor-widget-container\">\n\t\t\t\t\t\t\t\t\t<p>Hoy, poco m\u00e1s de veinte a\u00f1os despu\u00e9s de su fundaci\u00f3n, nuestra empresa ha crecido sin perder su identidad, trabajando en equipo con las comunidades rurales y promoviendo el turismo responsable. En Conde Travel, Ruth, Luis y todo el personal siguen centrados en mantener una conexi\u00f3n genuina con nuestra cultura, ofreciendo el mejor servicio personalizado a cada viajero. Nuestra amplia experiencia como operadores tur\u00edsticos nos ha permitido ofrecer viajes inigualables, seguros y enriquecedores.<\/p>\t\t\t\t\t\t\t\t<\/div>\n\t\t\t\t<\/div>\n\t\t\t\t<\/div>\n\t\t\t\t<\/div>\n\t\t\t\t<\/div>\n\t\t\t\t<\/div>\n\t\t\t\t\t<\/div>\n\t\t\t\t<\/div>\n\t\t<div class=\"elementor-element elementor-element-07797ac e-flex e-con-boxed e-con e-parent\" data-id=\"07797ac\" data-element_type=\"container\" data-e-type=\"container\">\n\t\t\t\t\t<div class=\"e-con-inner\">\n\t\t<div class=\"elementor-element elementor-element-d0542cd e-con-full e-flex e-con e-child\" data-id=\"d0542cd\" data-element_type=\"container\" data-e-type=\"container\">\n\t\t<div class=\"elementor-element elementor-element-353afdc e-con-full e-flex e-con e-child\" data-id=\"353afdc\" data-element_type=\"container\" data-e-type=\"container\">\n\t\t\t\t<div class=\"elementor-element elementor-element-754ed32 elementor-widget elementor-widget-heading\" data-id=\"754ed32\" data-element_type=\"widget\" data-e-type=\"widget\" data-widget_type=\"heading.default\">\n\t\t\t\t<div class=\"elementor-widget-container\">\n\t\t\t\t\t<h2 class=\"elementor-heading-title elementor-size-default\">Con\u00f3zcanos mejor<\/h2>\t\t\t\t<\/div>\n\t\t\t\t<\/div>\n\t\t\t\t<div class=\"elementor-element elementor-element-0dfb149 elementor-widget-divider--view-line elementor-widget elementor-widget-divider\" data-id=\"0dfb149\" data-element_type=\"widget\" data-e-type=\"widget\" data-widget_type=\"divider.default\">\n\t\t\t\t<div class=\"elementor-widget-container\">\n\t\t\t\t\t\t\t<div class=\"elementor-divider\">\n\t\t\t<span class=\"elementor-divider-separator\">\n\t\t\t\t\t\t<\/span>\n\t\t<\/div>\n\t\t\t\t\t\t<\/div>\n\t\t\t\t<\/div>\n\t\t\t\t<\/div>\n\t\t<div class=\"elementor-element elementor-element-f0398b1 e-con-full e-grid e-con e-child\" data-id=\"f0398b1\" data-element_type=\"container\" data-e-type=\"container\">\n\t\t<div class=\"elementor-element elementor-element-553cc71 e-con-full e-flex e-con e-child\" data-id=\"553cc71\" data-element_type=\"container\" data-e-type=\"container\" data-settings=\"{&quot;background_background&quot;:&quot;classic&quot;}\">\n\t\t\t\t<div class=\"elementor-element elementor-element-7995f7b elementor-view-default elementor-widget elementor-widget-icon\" data-id=\"7995f7b\" data-element_type=\"widget\" data-e-type=\"widget\" data-widget_type=\"icon.default\">\n\t\t\t\t<div class=\"elementor-widget-container\">\n\t\t\t\t\t\t\t<div class=\"elementor-icon-wrapper\">\n\t\t\t<div class=\"elementor-icon\">\n\t\t\t<svg aria-hidden=\"true\" class=\"e-font-icon-svg e-fas-book-open\" viewBox=\"0 0 576 512\" xmlns=\"http:\/\/www.w3.org\/2000\/svg\"><path d=\"M542.22 32.05c-54.8 3.11-163.72 14.43-230.96 55.59-4.64 2.84-7.27 7.89-7.27 13.17v363.87c0 11.55 12.63 18.85 23.28 13.49 69.18-34.82 169.23-44.32 218.7-46.92 16.89-.89 30.02-14.43 30.02-30.66V62.75c.01-17.71-15.35-31.74-33.77-30.7zM264.73 87.64C197.5 46.48 88.58 35.17 33.78 32.05 15.36 31.01 0 45.04 0 62.75V400.6c0 16.24 13.13 29.78 30.02 30.66 49.49 2.6 149.59 12.11 218.77 46.95 10.62 5.35 23.21-1.94 23.21-13.46V100.63c0-5.29-2.62-10.14-7.27-12.99z\"><\/path><\/svg>\t\t\t<\/div>\n\t\t<\/div>\n\t\t\t\t\t\t<\/div>\n\t\t\t\t<\/div>\n\t\t\t\t<div class=\"elementor-element elementor-element-0107a85 elementor-widget elementor-widget-heading\" data-id=\"0107a85\" data-element_type=\"widget\" data-e-type=\"widget\" data-widget_type=\"heading.default\">\n\t\t\t\t<div class=\"elementor-widget-container\">\n\t\t\t\t\t<h3 class=\"elementor-heading-title elementor-size-default\">Sobre Nosotros<\/h3>\t\t\t\t<\/div>\n\t\t\t\t<\/div>\n\t\t\t\t<div class=\"elementor-element elementor-element-f268f01 elementor-align-center elementor-widget elementor-widget-button\" data-id=\"f268f01\" data-element_type=\"widget\" data-e-type=\"widget\" data-widget_type=\"button.default\">\n\t\t\t\t<div class=\"elementor-widget-container\">\n\t\t\t\t\t\t\t\t\t<div class=\"elementor-button-wrapper\">\n\t\t\t\t\t<a class=\"elementor-button elementor-button-link elementor-size-sm\" href=\"\/es\/la-empresa\/\">\n\t\t\t\t\t\t<span class=\"elementor-button-content-wrapper\">\n\t\t\t\t\t\t\t\t\t<span class=\"elementor-button-text\">Leer M\u00e1s<\/span>\n\t\t\t\t\t<\/span>\n\t\t\t\t\t<\/a>\n\t\t\t\t<\/div>\n\t\t\t\t\t\t\t\t<\/div>\n\t\t\t\t<\/div>\n\t\t\t\t<\/div>\n\t\t<div class=\"elementor-element elementor-element-5d9caf4 e-con-full e-flex e-con e-child\" data-id=\"5d9caf4\" data-element_type=\"container\" data-e-type=\"container\" data-settings=\"{&quot;background_background&quot;:&quot;classic&quot;}\">\n\t\t\t\t<div class=\"elementor-element elementor-element-eed0fc8 elementor-view-default elementor-widget elementor-widget-icon\" data-id=\"eed0fc8\" data-element_type=\"widget\" data-e-type=\"widget\" data-widget_type=\"icon.default\">\n\t\t\t\t<div class=\"elementor-widget-container\">\n\t\t\t\t\t\t\t<div class=\"elementor-icon-wrapper\">\n\t\t\t<div class=\"elementor-icon\">\n\t\t\t<svg aria-hidden=\"true\" class=\"e-font-icon-svg e-fas-users\" viewBox=\"0 0 640 512\" xmlns=\"http:\/\/www.w3.org\/2000\/svg\"><path d=\"M96 224c35.3 0 64-28.7 64-64s-28.7-64-64-64-64 28.7-64 64 28.7 64 64 64zm448 0c35.3 0 64-28.7 64-64s-28.7-64-64-64-64 28.7-64 64 28.7 64 64 64zm32 32h-64c-17.6 0-33.5 7.1-45.1 18.6 40.3 22.1 68.9 62 75.1 109.4h66c17.7 0 32-14.3 32-32v-32c0-35.3-28.7-64-64-64zm-256 0c61.9 0 112-50.1 112-112S381.9 32 320 32 208 82.1 208 144s50.1 112 112 112zm76.8 32h-8.3c-20.8 10-43.9 16-68.5 16s-47.6-6-68.5-16h-8.3C179.6 288 128 339.6 128 403.2V432c0 26.5 21.5 48 48 48h288c26.5 0 48-21.5 48-48v-28.8c0-63.6-51.6-115.2-115.2-115.2zm-223.7-13.4C161.5 263.1 145.6 256 128 256H64c-35.3 0-64 28.7-64 64v32c0 17.7 14.3 32 32 32h65.9c6.3-47.4 34.9-87.3 75.2-109.4z\"><\/path><\/svg>\t\t\t<\/div>\n\t\t<\/div>\n\t\t\t\t\t\t<\/div>\n\t\t\t\t<\/div>\n\t\t\t\t<div class=\"elementor-element elementor-element-28a9433 elementor-widget elementor-widget-heading\" data-id=\"28a9433\" data-element_type=\"widget\" data-e-type=\"widget\" data-widget_type=\"heading.default\">\n\t\t\t\t<div class=\"elementor-widget-container\">\n\t\t\t\t\t<h3 class=\"elementor-heading-title elementor-size-default\">Nuestro Equipo<\/h3>\t\t\t\t<\/div>\n\t\t\t\t<\/div>\n\t\t\t\t<div class=\"elementor-element elementor-element-f51a926 elementor-align-center elementor-widget elementor-widget-button\" data-id=\"f51a926\" data-element_type=\"widget\" data-e-type=\"widget\" data-widget_type=\"button.default\">\n\t\t\t\t<div class=\"elementor-widget-container\">\n\t\t\t\t\t\t\t\t\t<div class=\"elementor-button-wrapper\">\n\t\t\t\t\t<a class=\"elementor-button elementor-button-link elementor-size-sm\" href=\"\/es\/la-empresa\/equipo-trabajo-conde-travel\/\">\n\t\t\t\t\t\t<span class=\"elementor-button-content-wrapper\">\n\t\t\t\t\t\t\t\t\t<span class=\"elementor-button-text\">Leer M\u00e1s<\/span>\n\t\t\t\t\t<\/span>\n\t\t\t\t\t<\/a>\n\t\t\t\t<\/div>\n\t\t\t\t\t\t\t\t<\/div>\n\t\t\t\t<\/div>\n\t\t\t\t<\/div>\n\t\t<div class=\"elementor-element elementor-element-8978d56 e-con-full e-flex e-con e-child\" data-id=\"8978d56\" data-element_type=\"container\" data-e-type=\"container\" data-settings=\"{&quot;background_background&quot;:&quot;classic&quot;}\">\n\t\t\t\t<div class=\"elementor-element elementor-element-035c816 elementor-view-default elementor-widget elementor-widget-icon\" data-id=\"035c816\" data-element_type=\"widget\" data-e-type=\"widget\" data-widget_type=\"icon.default\">\n\t\t\t\t<div class=\"elementor-widget-container\">\n\t\t\t\t\t\t\t<div class=\"elementor-icon-wrapper\">\n\t\t\t<div class=\"elementor-icon\">\n\t\t\t<svg aria-hidden=\"true\" class=\"e-font-icon-svg e-fas-file-contract\" viewBox=\"0 0 384 512\" xmlns=\"http:\/\/www.w3.org\/2000\/svg\"><path d=\"M224 136V0H24C10.7 0 0 10.7 0 24v464c0 13.3 10.7 24 24 24h336c13.3 0 24-10.7 24-24V160H248c-13.2 0-24-10.8-24-24zM64 72c0-4.42 3.58-8 8-8h80c4.42 0 8 3.58 8 8v16c0 4.42-3.58 8-8 8H72c-4.42 0-8-3.58-8-8V72zm0 64c0-4.42 3.58-8 8-8h80c4.42 0 8 3.58 8 8v16c0 4.42-3.58 8-8 8H72c-4.42 0-8-3.58-8-8v-16zm192.81 248H304c8.84 0 16 7.16 16 16s-7.16 16-16 16h-47.19c-16.45 0-31.27-9.14-38.64-23.86-2.95-5.92-8.09-6.52-10.17-6.52s-7.22.59-10.02 6.19l-7.67 15.34a15.986 15.986 0 0 1-14.31 8.84c-.38 0-.75-.02-1.14-.05-6.45-.45-12-4.75-14.03-10.89L144 354.59l-10.61 31.88c-5.89 17.66-22.38 29.53-41 29.53H80c-8.84 0-16-7.16-16-16s7.16-16 16-16h12.39c4.83 0 9.11-3.08 10.64-7.66l18.19-54.64c3.3-9.81 12.44-16.41 22.78-16.41s19.48 6.59 22.77 16.41l13.88 41.64c19.77-16.19 54.05-9.7 66 14.16 2.02 4.06 5.96 6.5 10.16 6.5zM377 105L279.1 7c-4.5-4.5-10.6-7-17-7H256v128h128v-6.1c0-6.3-2.5-12.4-7-16.9z\"><\/path><\/svg>\t\t\t<\/div>\n\t\t<\/div>\n\t\t\t\t\t\t<\/div>\n\t\t\t\t<\/div>\n\t\t\t\t<div class=\"elementor-element elementor-element-485b698 elementor-widget elementor-widget-heading\" data-id=\"485b698\" data-element_type=\"widget\" data-e-type=\"widget\" data-widget_type=\"heading.default\">\n\t\t\t\t<div class=\"elementor-widget-container\">\n\t\t\t\t\t<h3 class=\"elementor-heading-title elementor-size-default\">Licencias y Permisos<\/h3>\t\t\t\t<\/div>\n\t\t\t\t<\/div>\n\t\t\t\t<div class=\"elementor-element elementor-element-34f4bfe elementor-align-center elementor-widget elementor-widget-button\" data-id=\"34f4bfe\" data-element_type=\"widget\" data-e-type=\"widget\" data-widget_type=\"button.default\">\n\t\t\t\t<div class=\"elementor-widget-container\">\n\t\t\t\t\t\t\t\t\t<div class=\"elementor-button-wrapper\">\n\t\t\t\t\t<a class=\"elementor-button elementor-button-link elementor-size-sm\" href=\"\/es\/la-empresa\/nuestras-licencias-y-permisos\/\">\n\t\t\t\t\t\t<span class=\"elementor-button-content-wrapper\">\n\t\t\t\t\t\t\t\t\t<span class=\"elementor-button-text\">Leer M\u00e1s<\/span>\n\t\t\t\t\t<\/span>\n\t\t\t\t\t<\/a>\n\t\t\t\t<\/div>\n\t\t\t\t\t\t\t\t<\/div>\n\t\t\t\t<\/div>\n\t\t\t\t<\/div>\n\t\t\t\t<\/div>\n\t\t\t\t<\/div>\n\t\t\t\t\t<\/div>\n\t\t\t\t<\/div>\n\t\t\t\t<\/div>\n\t\t","protected":false},"excerpt":{"rendered":"<p>Historia de Conde Travel Nuestra Historia Un viaje basado en la pasi\u00f3n, la experiencia y la aventura. Durante m\u00e1s de 15 a\u00f1os, hemos convertido sue\u00f1os en aventuras inolvidables por Cusco, Machu Picchu y todo Per\u00fa. Nuestra historia es una mezcla de pasi\u00f3n, dedicaci\u00f3n y amor por compartir la magia, la historia y las tradiciones de [&hellip;]<\/p>\n","protected":false},"author":1,"featured_media":0,"parent":14091,"menu_order":0,"comment_status":"closed","ping_status":"closed","template":"","meta":{"_acf_changed":false,"footnotes":""},"class_list":["post-41820","page","type-page","status-publish","hentry"],"acf":[],"_links":{"self":[{"href":"https:\/\/conde.travel\/es\/wp-json\/wp\/v2\/pages\/41820","targetHints":{"allow":["GET"]}}],"collection":[{"href":"https:\/\/conde.travel\/es\/wp-json\/wp\/v2\/pages"}],"about":[{"href":"https:\/\/conde.travel\/es\/wp-json\/wp\/v2\/types\/page"}],"author":[{"embeddable":true,"href":"https:\/\/conde.travel\/es\/wp-json\/wp\/v2\/users\/1"}],"replies":[{"embeddable":true,"href":"https:\/\/conde.travel\/es\/wp-json\/wp\/v2\/comments?post=41820"}],"version-history":[{"count":0,"href":"https:\/\/conde.travel\/es\/wp-json\/wp\/v2\/pages\/41820\/revisions"}],"up":[{"embeddable":true,"href":"https:\/\/conde.travel\/es\/wp-json\/wp\/v2\/pages\/14091"}],"wp:attachment":[{"href":"https:\/\/conde.travel\/es\/wp-json\/wp\/v2\/media?parent=41820"}],"curies":[{"name":"wp","href":"https:\/\/api.w.org\/{rel}","templated":true}]}}